{"id":53,"date":"2021-04-06T23:33:07","date_gmt":"2021-04-06T23:33:07","guid":{"rendered":"http:\/\/markoladjusic.com\/?page_id=53"},"modified":"2023-09-26T20:45:19","modified_gmt":"2023-09-26T20:45:19","slug":"about","status":"publish","type":"page","link":"https:\/\/markoladjusic.com\/sr\/about\/","title":{"rendered":"Biografija"},"content":{"rendered":"<div data-elementor-type=\"wp-page\" data-elementor-id=\"53\" class=\"elementor elementor-53\">\n\t\t\t\t\t\t\t\t\t<section class=\"elementor-section elementor-top-section elementor-element elementor-element-a44f07c elementor-section-boxed elementor-section-height-default elementor-section-height-default\" data-id=\"a44f07c\" data-element_type=\"section\">\n\t\t\t\t\t\t<div class=\"elementor-container elementor-column-gap-default\">\n\t\t\t\t\t<div class=\"elementor-column elementor-col-100 elementor-top-column elementor-element elementor-element-314dce5\" data-id=\"314dce5\" data-element_type=\"column\">\n\t\t\t<div class=\"elementor-widget-wrap elementor-element-populated\">\n\t\t\t\t\t\t\t\t<div class=\"elementor-element elementor-element-0b97d13 elementor-widget elementor-widget-heading\" data-id=\"0b97d13\" data-element_type=\"widget\" data-widget_type=\"heading.default\">\n\t\t\t\t<div class=\"elementor-widget-container\">\n\t\t\t<h1 class=\"elementor-heading-title elementor-size-default\">Biografija<\/h1>\t\t<\/div>\n\t\t\t\t<\/div>\n\t\t\t\t\t<\/div>\n\t\t<\/div>\n\t\t\t\t\t\t\t<\/div>\n\t\t<\/section>\n\t\t\t\t<section class=\"elementor-section elementor-top-section elementor-element elementor-element-6bc35dc elementor-section-full_width elementor-section-height-default elementor-section-height-default\" data-id=\"6bc35dc\" data-element_type=\"section\">\n\t\t\t\t\t\t<div class=\"elementor-container elementor-column-gap-extended\">\n\t\t\t\t\t<div class=\"elementor-column elementor-col-50 elementor-top-column elementor-element elementor-element-b07875c\" data-id=\"b07875c\" data-element_type=\"column\">\n\t\t\t<div class=\"elementor-widget-wrap elementor-element-populated\">\n\t\t\t\t\t\t\t\t<div class=\"elementor-element elementor-element-05c606e elementor-widget elementor-widget-image\" data-id=\"05c606e\" data-element_type=\"widget\" data-widget_type=\"image.default\">\n\t\t\t\t<div class=\"elementor-widget-container\">\n\t\t\t\t\t\t\t\t\t\t\t\t\t\t\t<img fetchpriority=\"high\" decoding=\"async\" width=\"369\" height=\"489\" src=\"https:\/\/markoladjusic.com\/wp-content\/uploads\/2021\/04\/MarkoPS.jpg\" class=\"attachment-large size-large wp-image-94\" alt=\"\" srcset=\"https:\/\/markoladjusic.com\/wp-content\/uploads\/2021\/04\/MarkoPS.jpg 369w, https:\/\/markoladjusic.com\/wp-content\/uploads\/2021\/04\/MarkoPS-226x300.jpg 226w\" sizes=\"(max-width: 369px) 100vw, 369px\" \/>\t\t\t\t\t\t\t\t\t\t\t\t\t\t\t<\/div>\n\t\t\t\t<\/div>\n\t\t\t\t\t<\/div>\n\t\t<\/div>\n\t\t\t\t<div class=\"elementor-column elementor-col-50 elementor-top-column elementor-element elementor-element-1e17dc5\" data-id=\"1e17dc5\" data-element_type=\"column\">\n\t\t\t<div class=\"elementor-widget-wrap elementor-element-populated\">\n\t\t\t\t\t\t\t\t<div class=\"elementor-element elementor-element-7ace749 elementor-widget elementor-widget-text-editor\" data-id=\"7ace749\" data-element_type=\"widget\" data-widget_type=\"text-editor.default\">\n\t\t\t\t<div class=\"elementor-widget-container\">\n\t\t\t\t\t\t\t<p>MARKO LA\u0110U\u0160I\u0106 (1967) bavi se slikarstvom, skulpturom i multimedijalnim performansom.\nLa\u0111u\u0161i\u0107 je diplomirao na Fakultetu primenjenih umetnosti u Beogradu (1995) na odseku za primenjeno vajarstvo.<\/p>\n<p>Umetni\u010dki direktor Kulturnog centra District Beograd, Art kluba Kocka, Kombank Art Hola, Me\u0111unarodne multimedijalne likovne kolonije Tr\u0161i\u0107, kao i koordinator projekta BELEF Centar Beograd, Terratorija, Black Box na MIXER festivalu u Beogradu, Open studio u Firenci, Multimedijalne izlo\u017ebe Nestali u saradnji sa Me\u0111unarodnim Komitetom Crvenog Krsta. Tako\u0111e, u\u010destvovao je na Internacionalnom simpozijumu skulpture Terra u Kikindi, Vajarskom simpozijumu Ada u Beogradu i drugim.<\/p>\t\t\t\t\t\t<\/div>\n\t\t\t\t<\/div>\n\t\t\t\t<div class=\"elementor-element elementor-element-acb6f12 elementor-widget elementor-widget-toggle\" data-id=\"acb6f12\" data-element_type=\"widget\" data-widget_type=\"toggle.default\">\n\t\t\t\t<div class=\"elementor-widget-container\">\n\t\t\t\t\t<div class=\"elementor-toggle\">\n\t\t\t\t\t\t\t<div class=\"elementor-toggle-item\">\n\t\t\t\t\t<div id=\"elementor-tab-title-1811\" class=\"elementor-tab-title\" data-tab=\"1\" role=\"button\" aria-controls=\"elementor-tab-content-1811\" aria-expanded=\"false\">\n\t\t\t\t\t\t\t\t\t\t\t\t<span class=\"elementor-toggle-icon elementor-toggle-icon-left\" aria-hidden=\"true\">\n\t\t\t\t\t\t\t\t\t\t\t\t\t\t\t<span class=\"elementor-toggle-icon-closed\"><i class=\"fas fa-caret-right\"><\/i><\/span>\n\t\t\t\t\t\t\t\t<span class=\"elementor-toggle-icon-opened\"><i class=\"elementor-toggle-icon-opened fas fa-caret-up\"><\/i><\/span>\n\t\t\t\t\t\t\t\t\t\t\t\t\t<\/span>\n\t\t\t\t\t\t\t\t\t\t\t\t<a class=\"elementor-toggle-title\" tabindex=\"0\">Saznaj vi\u0161e<\/a>\n\t\t\t\t\t<\/div>\n\n\t\t\t\t\t<div id=\"elementor-tab-content-1811\" class=\"elementor-tab-content elementor-clearfix\" data-tab=\"1\" role=\"region\" aria-labelledby=\"elementor-tab-title-1811\"><p>MARKO LA\u0110U\u0160I\u0106 (1967) bavi se slikarstvom, skulpturom i multimedijalnim performansom.<\/p>\n<p>La\u0111u\u0161i\u0107 je diplomirao na Fakultetu primenjenih umetnosti u Beogradu (1995) na odseku za primenjeno vajarstvo.<\/p>\n<p>Umetni\u010dki direktor Kulturnog centra District Beograd, Art kluba Kocka, Kombank Art Hola, Me\u0111unarodne multimedijalne likovne kolonije Tr\u0161i\u0107, kao i koordinator projekta BELEF Centar Beograd, Terratorija, Black Box na MIXER festivalu u Beogradu, Open studio u Firenci, Multimedijalne izlo\u017ebe Nestali u saradnji sa Me\u0111unarodnim Komitetom Crvenog Krsta. Tako\u0111e, u\u010destvovao je na Internacionalnom simpozijumu skulpture Terra u Kikindi, Vajarskom simpozijumu Ada u Beogradu i drugim.<\/p>\n<p>Saradnja sa srpskom glumicom Sonjom Savi\u0107 realizovana u vizualnoumetni\u010dkim projektima (Supernaut, Superstvarnost, Ubistvo na ivici grada) predstavlja zna\u010dajan segment njegovog umetni\u010dkog rada, gde u\u010destvuje u realizaciji i performansu.<\/p>\n<p>Markova kolekcija nakita bila je deo modne revije, poznate dizajnerke Roksande Ilin\u010di\u0107 na Londonskoj nedelji mode (2004\/2005), tako\u0111e dizajnirao je nakit u saradnji sa drugim srpskim modnim dizajnerima.<\/p>\n<p>Izlagao je na 17 samostalnih i preko 90 grupnih izlo\u017ebi \u0161irom Evrope.<\/p>\n<p>Dobitnik je vi\u0161e priznanja i nagrada u mediju skulpture i crte\u017ea (2012: Priznanje Beogradskog Dramskog Pozori\u0161ta za postavku skulptura Terratorija; 1998: Druga nagrada za crte\u017e, XIX Beogradski crte\u017e; 1995: Otkupna nagrada za crte\u017e, XVI Beogradski crte\u017e; 1995: Druga nagrada na Konkursu za \u010desmu u Botani\u010dkoj ba\u0161ti u Beogradu; 1990: Nagrada EX TEMPORE Vodnjan, Republika Hrvatska)<\/p>\n<p>Skulpture i slike Marka La\u0111u\u0161i\u0107a deo su stalne postavke u javnim prostorima, kao i umetni\u010dkim kolecijama<br>Muzeja Terra (Kikinda), Muzeja Macura (Novi Banovci), Hotela Meriot (Beograd), Galerije Meander (Apatin), Internacionalne multimedijalne kolonije Tr\u0161i\u0107, Centra za kulturu Vuk Karad\u017ei\u0107 (Loznica), Galerije Rifat \u0160teti\u0107 (Br\u010dko, BIH), Kuturnog centra Srebrenik (BIH), kao i brojnih privatnih kolecija u zemlji i inostranstvu.<\/p>\n<p>Marko je redovni profesor Fakulteta Primenjenih umetnosti u Beogradu, tako\u0111e predaje na Fakultetu Tehni\u010dkih nauka u Novom Sadu.<br>Trenutno vodi internacionalni projekat, mapiranje i realizaciju radionica u okviru Evropske Prestonice Kulture Rijeka 2020 u saradnji sa Muzejom grada Rijeke.<\/p>\n<p>\u010clan je ULUS-a od 1995. godine.<\/p><\/div>\n\t\t\t\t<\/div>\n\t\t\t\t\t\t\t\t<\/div>\n\t\t\t\t<\/div>\n\t\t\t\t<\/div>\n\t\t\t\t\t<\/div>\n\t\t<\/div>\n\t\t\t\t\t\t\t<\/div>\n\t\t<\/section>\n\t\t\t\t\t\t\t<\/div>","protected":false},"excerpt":{"rendered":"<p>Biography MARKO LA\u0110U\u0160I\u0106 (1967) is a painter, sculptor and multimedia performance artist. La\u0111u\u0161i\u0107 graduated in 1995 from the Faculty of Applied Arts in Belgrade University at the Department of Applied Sculpture. He worked as an Art Director of several institutions suchas Cultural Centre District Belgrade, Art club Cube, Kombank Art Hall in Belgrade, and is [&hellip;]<\/p>","protected":false},"author":1,"featured_media":94,"parent":0,"menu_order":0,"comment_status":"closed","ping_status":"closed","template":"elementor_header_footer","meta":{"footnotes":""},"class_list":["post-53","page","type-page","status-publish","has-post-thumbnail","hentry"],"aioseo_notices":[],"_links":{"self":[{"href":"https:\/\/markoladjusic.com\/sr\/wp-json\/wp\/v2\/pages\/53","targetHints":{"allow":["GET"]}}],"collection":[{"href":"https:\/\/markoladjusic.com\/sr\/wp-json\/wp\/v2\/pages"}],"about":[{"href":"https:\/\/markoladjusic.com\/sr\/wp-json\/wp\/v2\/types\/page"}],"author":[{"embeddable":true,"href":"https:\/\/markoladjusic.com\/sr\/wp-json\/wp\/v2\/users\/1"}],"replies":[{"embeddable":true,"href":"https:\/\/markoladjusic.com\/sr\/wp-json\/wp\/v2\/comments?post=53"}],"version-history":[{"count":22,"href":"https:\/\/markoladjusic.com\/sr\/wp-json\/wp\/v2\/pages\/53\/revisions"}],"predecessor-version":[{"id":465,"href":"https:\/\/markoladjusic.com\/sr\/wp-json\/wp\/v2\/pages\/53\/revisions\/465"}],"wp:featuredmedia":[{"embeddable":true,"href":"https:\/\/markoladjusic.com\/sr\/wp-json\/wp\/v2\/media\/94"}],"wp:attachment":[{"href":"https:\/\/markoladjusic.com\/sr\/wp-json\/wp\/v2\/media?parent=53"}],"curies":[{"name":"wp","href":"https:\/\/api.w.org\/{rel}","templated":true}]}}