{"id":5,"date":"2021-04-06T18:54:14","date_gmt":"2021-04-06T18:54:14","guid":{"rendered":"http:\/\/markoladjusic.com\/?page_id=5"},"modified":"2023-09-26T21:20:07","modified_gmt":"2023-09-26T21:20:07","slug":"marko-ladusic","status":"publish","type":"page","link":"https:\/\/markoladjusic.com\/sr\/","title":{"rendered":"Po\u010detna"},"content":{"rendered":"<div data-elementor-type=\"wp-page\" data-elementor-id=\"5\" class=\"elementor elementor-5\">\n\t\t\t\t\t\t\t\t\t<section class=\"elementor-section elementor-top-section elementor-element elementor-element-6791c61 elementor-section-boxed elementor-section-height-default elementor-section-height-default\" data-id=\"6791c61\" data-element_type=\"section\">\n\t\t\t\t\t\t<div class=\"elementor-container elementor-column-gap-default\">\n\t\t\t\t\t\t\t\t<\/div>\n\t\t<\/section>\n\t\t\t\t<section class=\"elementor-section elementor-top-section elementor-element elementor-element-11c93bf elementor-section-boxed elementor-section-height-default elementor-section-height-default\" data-id=\"11c93bf\" data-element_type=\"section\">\n\t\t\t\t\t\t<div class=\"elementor-container elementor-column-gap-default\">\n\t\t\t\t\t\t\t\t<\/div>\n\t\t<\/section>\n\t\t\t\t<section class=\"elementor-section elementor-top-section elementor-element elementor-element-7cbd7da elementor-section-full_width elementor-section-content-middle ml-main-frame elementor-section-height-default elementor-section-height-default\" data-id=\"7cbd7da\" data-element_type=\"section\">\n\t\t\t\t\t\t<div class=\"elementor-container elementor-column-gap-custom\">\n\t\t\t\t\t<div class=\"elementor-column elementor-col-50 elementor-top-column elementor-element elementor-element-c1ac009 heading-col\" data-id=\"c1ac009\" data-element_type=\"column\" data-settings=\"{&quot;background_background&quot;:&quot;slideshow&quot;,&quot;background_slideshow_gallery&quot;:[],&quot;background_slideshow_loop&quot;:&quot;yes&quot;,&quot;background_slideshow_slide_duration&quot;:5000,&quot;background_slideshow_slide_transition&quot;:&quot;fade&quot;,&quot;background_slideshow_transition_duration&quot;:500}\">\n\t\t\t<div class=\"elementor-widget-wrap elementor-element-populated\">\n\t\t\t\t\t\t\t\t<div class=\"elementor-element elementor-element-573b97e elementor-widget elementor-widget-heading\" data-id=\"573b97e\" data-element_type=\"widget\" data-widget_type=\"heading.default\">\n\t\t\t\t<div class=\"elementor-widget-container\">\n\t\t\t<h1 class=\"elementor-heading-title elementor-size-default\">MARKO LA\u0110U\u0160I\u0106<\/h1>\t\t<\/div>\n\t\t\t\t<\/div>\n\t\t\t\t<div class=\"elementor-element elementor-element-835f1ce orange-link elementor-widget elementor-widget-heading\" data-id=\"835f1ce\" data-element_type=\"widget\" data-widget_type=\"heading.default\">\n\t\t\t\t<div class=\"elementor-widget-container\">\n\t\t\t<h3 class=\"elementor-heading-title elementor-size-default\"><a href=\"https:\/\/markoladjusic.com\/sr\/megastructures\/\">MEGASTRUKTURE<\/a><\/h3>\t\t<\/div>\n\t\t\t\t<\/div>\n\t\t\t\t<div class=\"elementor-element elementor-element-f4af05c orange-link elementor-widget elementor-widget-heading\" data-id=\"f4af05c\" data-element_type=\"widget\" data-widget_type=\"heading.default\">\n\t\t\t\t<div class=\"elementor-widget-container\">\n\t\t\t<h3 class=\"elementor-heading-title elementor-size-default\"><a href=\"https:\/\/markoladjusic.com\/sr\/forest-pond-meadow\/\">\u0160UMA BARA LIVADA<\/a><\/h3>\t\t<\/div>\n\t\t\t\t<\/div>\n\t\t\t\t<div class=\"elementor-element elementor-element-4cc36ef orange-link elementor-widget elementor-widget-heading\" data-id=\"4cc36ef\" data-element_type=\"widget\" data-widget_type=\"heading.default\">\n\t\t\t\t<div class=\"elementor-widget-container\">\n\t\t\t<h3 class=\"elementor-heading-title elementor-size-default\"><a href=\"https:\/\/markoladjusic.com\/sr\/icon\/\">ICON<\/a><\/h3>\t\t<\/div>\n\t\t\t\t<\/div>\n\t\t\t\t<div class=\"elementor-element elementor-element-d610d1c elementor-widget elementor-widget-html\" data-id=\"d610d1c\" data-element_type=\"widget\" data-widget_type=\"html.default\">\n\t\t\t\t<div class=\"elementor-widget-container\">\n\t\t\t<style>.swiper-slide-image{cursor: pointer;} <\/style>\n\n<script>\n\/* For Carousel 1 on the page *\/\n\ndocument.addEventListener('DOMContentLoaded', function () {\n\n\/* Edit the links HERE *\/\nlet linksCarousel = [\n'icon',\n'icon','icon',\n'megastructures',\n'megastructures',\n'megastructures',\n'megastructures',\n'megastructures',\n'megastructures',\n'megastructures',\n'forest-pond-meadow',\n'forest-pond-meadow',\n'forest-pond-meadow',\n'forest-pond-meadow',\n'forest-pond-meadow',\n'forest-pond-meadow',\n'forest-pond-meadow',\n'forest-pond-meadow',\n'forest-pond-meadow',\n'forest-pond-meadow'\n];\n\ndocument.body.addEventListener('click', function (e) {\n    var url= window.location.href;\n    var pathname = new URL(url).pathname;\nif (e.target.closest('.carousel1 .swiper-slide')){\nlet i = e.target.closest('.swiper-slide').getAttribute(\"data-swiper-slide-index\");\nlocation = 'https:\/\/markoladjusic.com\/'+pathname+linksCarousel[i];\n}\n});\n});\n<\/script>\n\t\t<\/div>\n\t\t\t\t<\/div>\n\t\t\t\t\t<\/div>\n\t\t<\/div>\n\t\t\t\t<div class=\"elementor-column elementor-col-50 elementor-top-column elementor-element elementor-element-6e0b12b ml-main-col\" data-id=\"6e0b12b\" data-element_type=\"column\">\n\t\t\t<div class=\"elementor-widget-wrap elementor-element-populated\">\n\t\t\t\t\t\t\t\t<div class=\"elementor-element elementor-element-21b2c2b ml-main-carousel carousel1 elementor-pagination-position-outside elementor-widget elementor-widget-image-carousel\" data-id=\"21b2c2b\" data-element_type=\"widget\" data-settings=\"{&quot;slides_to_show&quot;:&quot;1&quot;,&quot;navigation&quot;:&quot;dots&quot;,&quot;pause_on_hover&quot;:&quot;no&quot;,&quot;effect&quot;:&quot;fade&quot;,&quot;autoplay&quot;:&quot;yes&quot;,&quot;pause_on_interaction&quot;:&quot;yes&quot;,&quot;autoplay_speed&quot;:5000,&quot;infinite&quot;:&quot;yes&quot;,&quot;speed&quot;:500}\" data-widget_type=\"image-carousel.default\">\n\t\t\t\t<div class=\"elementor-widget-container\">\n\t\t\t\t\t<div class=\"elementor-image-carousel-wrapper swiper-container\" dir=\"ltr\">\n\t\t\t<div class=\"elementor-image-carousel swiper-wrapper\" aria-live=\"off\">\n\t\t\t\t\t\t\t\t<div class=\"swiper-slide\" role=\"group\" aria-roledescription=\"slide\" aria-label=\"1 of 21\"><figure class=\"swiper-slide-inner\"><img decoding=\"async\" class=\"swiper-slide-image\" src=\"https:\/\/markoladjusic.com\/wp-content\/uploads\/2021\/06\/Icon-3.jpg\" alt=\"Icon 3\" \/><\/figure><\/div><div class=\"swiper-slide\" role=\"group\" aria-roledescription=\"slide\" aria-label=\"2 of 21\"><figure class=\"swiper-slide-inner\"><img decoding=\"async\" class=\"swiper-slide-image\" src=\"https:\/\/markoladjusic.com\/wp-content\/uploads\/2021\/06\/Icon-1.jpg\" alt=\"Icon 1\" \/><\/figure><\/div><div class=\"swiper-slide\" role=\"group\" aria-roledescription=\"slide\" aria-label=\"3 of 21\"><figure class=\"swiper-slide-inner\"><img decoding=\"async\" class=\"swiper-slide-image\" src=\"https:\/\/markoladjusic.com\/wp-content\/uploads\/2021\/06\/Icon-10.jpg\" alt=\"Icon 10\" \/><\/figure><\/div><div class=\"swiper-slide\" role=\"group\" aria-roledescription=\"slide\" aria-label=\"4 of 21\"><figure class=\"swiper-slide-inner\"><img decoding=\"async\" class=\"swiper-slide-image\" src=\"https:\/\/markoladjusic.com\/wp-content\/uploads\/2021\/04\/Marko05.jpg\" alt=\"\" \/><\/figure><\/div><div class=\"swiper-slide\" role=\"group\" aria-roledescription=\"slide\" aria-label=\"5 of 21\"><figure class=\"swiper-slide-inner\"><img decoding=\"async\" class=\"swiper-slide-image\" src=\"https:\/\/markoladjusic.com\/wp-content\/uploads\/2021\/04\/Marko04.jpg\" alt=\"\" \/><\/figure><\/div><div class=\"swiper-slide\" role=\"group\" aria-roledescription=\"slide\" aria-label=\"6 of 21\"><figure class=\"swiper-slide-inner\"><img decoding=\"async\" class=\"swiper-slide-image\" src=\"https:\/\/markoladjusic.com\/wp-content\/uploads\/2021\/04\/Marko01.jpg\" alt=\"\" \/><\/figure><\/div><div class=\"swiper-slide\" role=\"group\" aria-roledescription=\"slide\" aria-label=\"7 of 21\"><figure class=\"swiper-slide-inner\"><img decoding=\"async\" class=\"swiper-slide-image\" src=\"https:\/\/markoladjusic.com\/wp-content\/uploads\/2021\/04\/MarkoNBG.jpg\" alt=\"NBG\" \/><\/figure><\/div><div class=\"swiper-slide\" role=\"group\" aria-roledescription=\"slide\" aria-label=\"8 of 21\"><figure class=\"swiper-slide-inner\"><img decoding=\"async\" class=\"swiper-slide-image\" src=\"https:\/\/markoladjusic.com\/wp-content\/uploads\/2021\/04\/MarkoArc.jpg\" alt=\"Arch\" \/><\/figure><\/div><div class=\"swiper-slide\" role=\"group\" aria-roledescription=\"slide\" aria-label=\"9 of 21\"><figure class=\"swiper-slide-inner\"><img decoding=\"async\" class=\"swiper-slide-image\" src=\"https:\/\/markoladjusic.com\/wp-content\/uploads\/2021\/04\/MarkoModerna.jpg\" alt=\"Moderna\" \/><\/figure><\/div><div class=\"swiper-slide\" role=\"group\" aria-roledescription=\"slide\" aria-label=\"10 of 21\"><figure class=\"swiper-slide-inner\"><img decoding=\"async\" class=\"swiper-slide-image\" src=\"https:\/\/markoladjusic.com\/wp-content\/uploads\/2021\/04\/MarkoMoving.jpg\" alt=\"Moving\" \/><\/figure><\/div><div class=\"swiper-slide\" role=\"group\" aria-roledescription=\"slide\" aria-label=\"11 of 21\"><figure class=\"swiper-slide-inner\"><img decoding=\"async\" class=\"swiper-slide-image\" src=\"https:\/\/markoladjusic.com\/wp-content\/uploads\/2021\/04\/MarkoCrvena.jpg\" alt=\"Red sky\" \/><\/figure><\/div><div class=\"swiper-slide\" role=\"group\" aria-roledescription=\"slide\" aria-label=\"12 of 21\"><figure class=\"swiper-slide-inner\"><img decoding=\"async\" class=\"swiper-slide-image\" src=\"https:\/\/markoladjusic.com\/wp-content\/uploads\/2021\/04\/Marko_InTheWood.jpg\" alt=\"In the Wood\" \/><\/figure><\/div><div class=\"swiper-slide\" role=\"group\" aria-roledescription=\"slide\" aria-label=\"13 of 21\"><figure class=\"swiper-slide-inner\"><img decoding=\"async\" class=\"swiper-slide-image\" src=\"https:\/\/markoladjusic.com\/wp-content\/uploads\/2021\/04\/Marko_Icon9.jpg\" alt=\"Icon 9\" \/><\/figure><\/div><div class=\"swiper-slide\" role=\"group\" aria-roledescription=\"slide\" aria-label=\"14 of 21\"><figure class=\"swiper-slide-inner\"><img decoding=\"async\" class=\"swiper-slide-image\" src=\"https:\/\/markoladjusic.com\/wp-content\/uploads\/2021\/04\/Marko_Icon6.jpg\" alt=\"Icon 6\" \/><\/figure><\/div><div class=\"swiper-slide\" role=\"group\" aria-roledescription=\"slide\" aria-label=\"15 of 21\"><figure class=\"swiper-slide-inner\"><img decoding=\"async\" class=\"swiper-slide-image\" src=\"https:\/\/markoladjusic.com\/wp-content\/uploads\/2021\/04\/Marko_Icon8.jpg\" alt=\"Icon 8\" \/><\/figure><\/div><div class=\"swiper-slide\" role=\"group\" aria-roledescription=\"slide\" aria-label=\"16 of 21\"><figure class=\"swiper-slide-inner\"><img decoding=\"async\" class=\"swiper-slide-image\" src=\"https:\/\/markoladjusic.com\/wp-content\/uploads\/2021\/04\/Marko_Icon7.jpg\" alt=\"Icon 7\" \/><\/figure><\/div><div class=\"swiper-slide\" role=\"group\" aria-roledescription=\"slide\" aria-label=\"17 of 21\"><figure class=\"swiper-slide-inner\"><img decoding=\"async\" class=\"swiper-slide-image\" src=\"https:\/\/markoladjusic.com\/wp-content\/uploads\/2021\/04\/Marko_Icon4.jpg\" alt=\"Icon 4\" \/><\/figure><\/div><div class=\"swiper-slide\" role=\"group\" aria-roledescription=\"slide\" aria-label=\"18 of 21\"><figure class=\"swiper-slide-inner\"><img decoding=\"async\" class=\"swiper-slide-image\" src=\"https:\/\/markoladjusic.com\/wp-content\/uploads\/2021\/04\/Marko_Icon3.jpg\" alt=\"Icon 3\" \/><\/figure><\/div><div class=\"swiper-slide\" role=\"group\" aria-roledescription=\"slide\" aria-label=\"19 of 21\"><figure class=\"swiper-slide-inner\"><img decoding=\"async\" class=\"swiper-slide-image\" src=\"https:\/\/markoladjusic.com\/wp-content\/uploads\/2021\/04\/Marko_Icon2.jpg\" alt=\"Icon 2\" \/><\/figure><\/div><div class=\"swiper-slide\" role=\"group\" aria-roledescription=\"slide\" aria-label=\"20 of 21\"><figure class=\"swiper-slide-inner\"><img decoding=\"async\" class=\"swiper-slide-image\" src=\"https:\/\/markoladjusic.com\/wp-content\/uploads\/2021\/04\/Marko_Icon1.jpg\" alt=\"Icon 1\" \/><\/figure><\/div><div class=\"swiper-slide\" role=\"group\" aria-roledescription=\"slide\" aria-label=\"21 of 21\"><figure class=\"swiper-slide-inner\"><img decoding=\"async\" class=\"swiper-slide-image\" src=\"https:\/\/markoladjusic.com\/wp-content\/uploads\/2021\/04\/Marko_Character.jpg\" alt=\"Character\" \/><\/figure><\/div>\t\t\t<\/div>\n\t\t\t\t\t\t\t\n\t\t\t\t\t\t\t\t\t<div class=\"swiper-pagination\"><\/div>\n\t\t\t\t\t\t\t\t\t<\/div>\n\t\t\t\t<\/div>\n\t\t\t\t<\/div>\n\t\t\t\t\t<\/div>\n\t\t<\/div>\n\t\t\t\t\t\t\t<\/div>\n\t\t<\/section>\n\t\t\t\t<section class=\"elementor-section elementor-top-section elementor-element elementor-element-2f579ac elementor-section-boxed elementor-section-height-default elementor-section-height-default\" data-id=\"2f579ac\" data-element_type=\"section\">\n\t\t\t\t\t\t<div class=\"elementor-container elementor-column-gap-default\">\n\t\t\t\t\t\t\t\t<\/div>\n\t\t<\/section>\n\t\t\t\t\t\t\t<\/div>","protected":false},"excerpt":{"rendered":"<p>MARKO LA\u0110U\u0160I\u0106 MEGASTRUCTURES FOREST POND MEADOW ICON<\/p>","protected":false},"author":1,"featured_media":0,"parent":0,"menu_order":0,"comment_status":"closed","ping_status":"closed","template":"elementor_header_footer","meta":{"footnotes":""},"class_list":["post-5","page","type-page","status-publish","hentry"],"aioseo_notices":[],"_links":{"self":[{"href":"https:\/\/markoladjusic.com\/sr\/wp-json\/wp\/v2\/pages\/5","targetHints":{"allow":["GET"]}}],"collection":[{"href":"https:\/\/markoladjusic.com\/sr\/wp-json\/wp\/v2\/pages"}],"about":[{"href":"https:\/\/markoladjusic.com\/sr\/wp-json\/wp\/v2\/types\/page"}],"author":[{"embeddable":true,"href":"https:\/\/markoladjusic.com\/sr\/wp-json\/wp\/v2\/users\/1"}],"replies":[{"embeddable":true,"href":"https:\/\/markoladjusic.com\/sr\/wp-json\/wp\/v2\/comments?post=5"}],"version-history":[{"count":142,"href":"https:\/\/markoladjusic.com\/sr\/wp-json\/wp\/v2\/pages\/5\/revisions"}],"predecessor-version":[{"id":502,"href":"https:\/\/markoladjusic.com\/sr\/wp-json\/wp\/v2\/pages\/5\/revisions\/502"}],"wp:attachment":[{"href":"https:\/\/markoladjusic.com\/sr\/wp-json\/wp\/v2\/media?parent=5"}],"curies":[{"name":"wp","href":"https:\/\/api.w.org\/{rel}","templated":true}]}}